{"id":6749,"date":"2018-01-03T08:08:13","date_gmt":"2018-01-03T08:08:13","guid":{"rendered":"http:\/\/logistics-tech.com\/legal\/"},"modified":"2024-11-18T11:59:43","modified_gmt":"2024-11-18T11:59:43","slug":"politica-de-privacidad","status":"publish","type":"page","link":"https:\/\/logistics-tech.com\/es\/politica-de-privacidad\/","title":{"rendered":"Pol\u00edtica de privacidad"},"content":{"rendered":"\n<p><strong>1<\/strong><strong>. DATOS IDENTIFICATIVOS: <\/strong>En cumplimiento del deber de informaci\u00f3n recogido en el art\u00edculo 10 de la Ley 34\/2002, de 11 de julio, de Servicios de la Sociedad de la Informaci\u00f3n y del Comercio electr\u00f3nico, a continuaci\u00f3n se reflejan los siguientes datos: la empresa titular de <a href=\"http:\/\/www.logistics-tech.com\"><u>www.<\/u><u>logistics-tech.com<\/u><\/a>&nbsp;es <strong>KALEIDO TECHNOLOGY SOLUTIONS S.L.<\/strong>con CIF n\u00famero B 27.831.320&nbsp;y domicilio a estos efectos en&nbsp;Calle Pontevedra 4, 3\u00aa Planta, 36.201, Vigo (Pontevedra)&nbsp;con correo electr\u00f3nico de contacto: <a href=\"mailto:kaleido@kaleidologistics.com\"><u>kaleido@kaleidologistics.com<\/u><\/a>&nbsp;&nbsp;&nbsp;&nbsp;<\/p>\n\n\n\n<p><strong>2. USUARIOS: <\/strong>El USUARIO&nbsp;acepta las Condiciones Generales de uso aqu\u00ed reflejadas. Las citadas condiciones ser\u00e1n de aplicaci\u00f3n independientemente de las Condiciones Generales de Contrataci\u00f3n que en su caso resulten de obligado cumplimiento.El USUARIO ser\u00e1 responsable de aportar informaci\u00f3n veraz y l\u00edcita. EL USUARIO se compromete a hacer un uso adecuado de los servicios que <strong>KALEIDO TECHNOLOGY SOLUTIONS S.L.<\/strong>ofrece, comprometi\u00e9ndose a no utilizarlos para actividades que puedan ser il\u00edcitas, contrarias al orden p\u00fablico, a la defensa nacional o a la salud p\u00fablica.<\/p>\n\n\n\n<p>Del mismo modo <strong>KALEIDO TECHNOLOGY SOLUTIONS S.L.<\/strong>se reserva el derecho a modificar en cualquier momento las presentes condiciones de uso.&nbsp;<\/p>\n\n\n\n<p><strong>3<\/strong><strong>. PROTECCI\u00d3N DE DATOS DE CAR\u00c1CTER PERSONAL<\/strong><\/p>\n\n\n\n<figure class=\"wp-block-table\"><table><tbody><tr><td><strong>INFORMACI\u00d3N B\u00c1SICA SOBRE PROTECCI\u00d3N DE DATOS<\/strong><\/td><\/tr><tr><td>&nbsp;&nbsp;<strong>Responsable<\/strong><\/td><td>&nbsp;&nbsp;&nbsp;<strong>KALEIDO TECHNOLOGY SOLUTIONS S.L.<\/strong>&nbsp;<\/td><\/tr><tr><td>&nbsp;<strong>Finalidad<\/strong><\/td><td>&nbsp;&nbsp;Gesti\u00f3n de la solicitud&nbsp;<\/td><\/tr><tr><td>&nbsp;<strong>Legitimaci\u00f3n<\/strong><\/td><td>&nbsp;Ejecuci\u00f3n de un contrato \/ prestaci\u00f3n de servicios&nbsp;<\/td><\/tr><tr><td>&nbsp;<strong>Destinatarios<\/strong><\/td><td>&nbsp;&nbsp;Otras empresas o filiales del grupo &nbsp;<\/td><\/tr><tr><td>&nbsp;<strong>Derechos<\/strong><\/td><td>&nbsp;&nbsp;Puede ejercitar los derechos de acceso, rectificaci\u00f3n, supresi\u00f3n, limitaci\u00f3n, oposici\u00f3n y portabilidad de los datos aportados, como se indica en la informaci\u00f3n adicional.&nbsp;<\/td><\/tr><tr><td>&nbsp;<strong>Informaci\u00f3n Adicional<\/strong><\/td><td>&nbsp;&nbsp;Puede consultar la informaci\u00f3n adicional y detallada sobre Protecci\u00f3n de Datos siguiendo el siguiente enlace &nbsp;&nbsp;<strong>+Info Protecci\u00f3n de Datos<\/strong>&nbsp;<\/td><\/tr><\/tbody><\/table><\/figure>\n\n\n\n<p><strong>POLITICA DE PRIVACIDAD (II)<\/strong><\/p>\n\n\n\n<p><strong>+Info Protecci\u00f3n de Datos<\/strong><\/p>\n\n\n\n<figure class=\"wp-block-table\"><table><tbody><tr><td><strong>INFORMACI\u00d3N DETALLADA PROTECCI\u00d3N DE DATOS<\/strong><\/td><\/tr><tr><td>&nbsp;&nbsp;<strong>Responsable<\/strong><\/td><td>&nbsp;&nbsp;<em><strong>\u00bfQui\u00e9n es el Responsable del tratamiento de sus datos?<\/strong><\/em>Identidad:&nbsp; <strong>KALEIDO TECHNOLOGY SOLUTIONS S.L.<\/strong>Domicilio Social:&nbsp;Calle Pontevedra 4, 3\u00aa Planta, 36.201, Vigo (Pontevedra).Tel\u00e9fono: (+34) 986 447 475Email:&nbsp;<a href=\"mailto:kaleido@kaleidologistics.com\"><u>kaleido@kaleidologistics.com<\/u><\/a>&nbsp;&nbsp;&nbsp;Contacto DPD: <a href=\"mailto:dpo@aysinnova.es\"><u>dpo@aysinnova.es<\/u><\/a>&nbsp;<\/td><\/tr><tr><td>&nbsp;<strong>Finalidad<\/strong><\/td><td>&nbsp;<em><strong>\u00bfCon qu\u00e9 finalidad tratamos sus datos personales?<\/strong><\/em>En <strong>KALEIDO TECHNOLOGY SOLUTIONS S.L.<\/strong> tratamos la informaci\u00f3n que nos facilitan las personas interesadas con el fin de gestionar el envio de la informaci\u00f3n o de los productos solicitados.&nbsp;No se realizar\u00e1n tratamientos de datos automatizados con el fin de elaborar perfiles.&nbsp;<em><strong>\u00bfPor cu\u00e1nto tiempo conservaremos sus datos?<\/strong><\/em>Los datos personales facilitados por el usuario se conservar\u00e1n mientras no se solicite la supresi\u00f3n de los mismos por parte del interesado.&nbsp;<\/td><\/tr><tr><td>&nbsp;<strong>Legitimaci\u00f3n<\/strong><\/td><td>&nbsp;La base legal para el tratamiento de sus datos es la ejecuci\u00f3n de su solicitud.<\/td><\/tr><tr><td>&nbsp;<strong>Destinatarios<\/strong><\/td><td>&nbsp;<em><strong>\u00bfA qu\u00e9 destinatarios se comunicar\u00e1n sus datos?<\/strong><\/em><strong>KALEIDO TECHNOLOGY SOLUTIONS S.L.<\/strong>&nbsp;no realiza cesiones de datos a terceros salvo a otras empresas o filiales del GRUPO KALEIDO (VASCO GALLEGA SOCIEDAD DE CARTERA, S.L.; KALEIDO FREIGHT SERVICES, S.L.; KALEIDO LOGISTICS, S.L.; KALEIDO SCM, S.L.; KALEIDO TECHNOLOGY SOLUTIONS, S.L.; RESIDENCIAL MONASTERIO DE OIA, S.A.; VASCO GALLEGA SOCIEDAD DE CARTERA, S.L.<a>.; ZENITRAN 2000 INVEST S.L.; FUNDACI\u00d3N BRETAL; GREEN BALL EXTERNAL SERVICES, UNIPESSOAL, LDA y ESTIBADORA GALLEGA S.A.U.) para fines administrativos y de gesti\u00f3n interna; y a las Administraciones p\u00fablicas a las que se encuentre obligado por ley.<\/a><\/td><\/tr><tr><td>&nbsp;<strong>Derechos<\/strong><\/td><td>&nbsp;El usuario podr\u00e1 ejercer en todo momento los derechos de Acceso, Rectificaci\u00f3n, Supresi\u00f3n, Limitaci\u00f3n, Oposici\u00f3n y Portabilidad de los datos aportados,&nbsp; seg\u00fan lo dispuesto en el Reglamento General (UE) 2016\/679 de Protecci\u00f3n de Datos,&nbsp;y en la Ley Org\u00e1nica 3\/2018, de 5 de diciembre, de Protecci\u00f3n de Datos Personales y garant\u00eda de los derechos digitales,&nbsp;dirigiendo un escrito en que especifique que derecho desea ejercer&nbsp;y adjuntando copia de documento oficial que lo identifique dirigido a la direcci\u00f3n arriba indicada o al correo electr\u00f3nico &nbsp;<a href=\"mailto:kaleido@kaleidologistics.com\"><u>kaleido@kaleidologistics.com<\/u><\/a>&nbsp;&nbsp;&nbsp;Asimismo, el interesado puede presentar una reclamaci\u00f3n ante la Autoridad de Control.&nbsp;<\/td><\/tr><\/tbody><\/table><\/figure>\n\n\n\n<p>En cumplimiento de lo establecido en el Reglamento General (UE) 2016\/679 de Protecci\u00f3n de Datos,&nbsp;y en la Ley Org\u00e1nica 3\/2018, de 5 de diciembre, de Protecci\u00f3n de Datos Personales y garant\u00eda de los derechos digitales, comunicamos al usuario que los datos personales que nos facilite de forma voluntaria , por cualquiera de nuestros medios de recogida de informaci\u00f3n, van a ser incorporados a las Actividades de Tratamiento automatizados de datos de car\u00e1cter personal titularidad de <strong>KALEIDO TECHNOLOGY SOLUTIONS S.L.<\/strong>, con el fin de poderle prestar nuestros servicios, as\u00ed como para mantenerle informado sobre cuestiones relativas a la actividad de la empresa y sus servicios. Los campos marcados con \u201c*\u201d son de car\u00e1cter obligatorio, por lo que la no cumplimentaci\u00f3n de dichos campos impedir\u00e1 al USUARIO&nbsp; disfrutar de algunos de los Servicios e informaciones ofrecidas. Los datos contenidos en ellos ser\u00e1n tratados de forma confidencial.<\/p>\n\n\n\n<p><strong>KALEIDO TECHNOLOGY SOLUTIONS S.L.<\/strong> cumple \u00edntegramente con la legislaci\u00f3n vigente en materia de protecci\u00f3n de datos de car\u00e1cter personal, y con los compromisos de confidencialidad propios de su actividad.<\/p>\n\n\n\n<p><strong>KALEIDO TECHNOLOGY SOLUTIONS S.L.<\/strong>ha adoptado las medidas t\u00e9cnicas necesarias para mantener el nivel de seguridad requerido, seg\u00fan la naturaleza de los datos personales tratados y las circunstancias del tratamiento, con el objeto de evitar, en la medida de lo posible y siempre seg\u00fan el estado de la t\u00e9cnica, su alteraci\u00f3n, p\u00e9rdida, tratamiento o acceso no autorizado. Para la realizaci\u00f3n de la gesti\u00f3n antes mencionada puede ser necesario que se cedan los datos a encargados del tratamiento, empresas colaboradoras y administraciones p\u00fablicas (las cuales pueden verificar la veracidad de los datos).<\/p>\n\n\n\n<p>En caso de que el USUARIO facilite datos de car\u00e1cter personal, referentes a personas f\u00edsicas distintas a s\u00ed mismo, el USUARIO deber\u00e1, con car\u00e1cter previo a la inclusi\u00f3n, informarles del contenido de la presente clausula, de acuerdo con lo establecido en el Reglamento General (UE) 2016\/679 de Protecci\u00f3n de Datos,&nbsp;y en la Ley Org\u00e1nica 3\/2018, de 5 de diciembre, de Protecci\u00f3n de Datos Personales y garant\u00eda de los derechos digitales.<\/p>\n\n\n\n<p><strong>KALEIDO TECHNOLOGY SOLUTIONS S.L.<\/strong>como responsable de la Actividad de Tratamiento, garantiza el ejercicio de los derechos de acceso, rectificaci\u00f3n, supresi\u00f3n, limitaci\u00f3n, oposici\u00f3n y portabilidad de los datos aportados, seg\u00fan lo dispuesto en el Reglamento General (UE) 2016\/679 de Protecci\u00f3n de Datos, y en la Ley Org\u00e1nica 3\/2018, de 5 de diciembre, de Protecci\u00f3n de Datos Personales y garant\u00eda de los derechos digitales, el USUARIO podr\u00e1 ejercer en todo momento los derechos, dirigiendo un escrito al domicilio social, adjuntando copia del DNI o Pasaporte.<\/p>\n\n\n\n<p><strong>KALEIDO TECHNOLOGY SOLUTIONS S.L.<\/strong> garantiza que todas las comunicaciones comerciales que dirige a sus clientes cumplen la normativa vigente.<\/p>\n\n\n\n<p>Por ello, en cumplimiento de la Ley 34\/2002 de Servicios de la Sociedad de la Informaci\u00f3n y de Comercio Electr\u00f3nico y la Ley 9\/2014 General de Telecomunicaciones, se informa al USUARIO que <strong>KALEIDO TECHNOLOGY SOLUTIONS S.L.<\/strong>podr\u00e1 enviarle por medios electr\u00f3nicos informaci\u00f3n acerca de productos y servicios de inter\u00e9s a lo que Ud. presta su consentimiento<\/p>\n\n\n\n<p>En cualquier momento podr\u00e1 revocar esta autorizaci\u00f3n en la direcci\u00f3n <a href=\"mailto:kaleido@kaleidologistics.com\"><u>kaleido@kaleidologistics.com<\/u><\/a>&nbsp;&nbsp;&nbsp;<\/p>\n","protected":false},"excerpt":{"rendered":"<p>1. DATOS IDENTIFICATIVOS: En cumplimiento del deber de informaci\u00f3n recogido en el art\u00edculo 10 de la Ley 34\/2002, de 11 de julio, de Servicios de la Sociedad de la Informaci\u00f3n y del Comercio electr\u00f3nico, a continuaci\u00f3n se reflejan los siguientes datos: la empresa titular de www.logistics-tech.com&nbsp;es KALEIDO TECHNOLOGY SOLUTIONS S.L.con CIF n\u00famero B 27.831.320&nbsp;y domicilio [&hellip;]<\/p>\n","protected":false},"author":3,"featured_media":0,"parent":0,"menu_order":0,"comment_status":"closed","ping_status":"closed","template":"","meta":[],"yoast_head":"<!-- This site is optimized with the Yoast SEO plugin v17.8 - https:\/\/yoast.com\/wordpress\/plugins\/seo\/ -->\n<title>Pol\u00edtica de privacidad - Logisticstechaccelerator<\/title>\n<meta name=\"robots\" content=\"index, follow, max-snippet:-1, max-image-preview:large, max-video-preview:-1\" \/>\n<link rel=\"canonical\" href=\"https:\/\/logistics-tech.com\/es\/politica-de-privacidad\/\" \/>\n<meta property=\"og:locale\" content=\"es_ES\" \/>\n<meta property=\"og:type\" content=\"article\" \/>\n<meta property=\"og:title\" content=\"Pol\u00edtica de privacidad - Logisticstechaccelerator\" \/>\n<meta property=\"og:description\" content=\"1. DATOS IDENTIFICATIVOS: En cumplimiento del deber de informaci\u00f3n recogido en el art\u00edculo 10 de la Ley 34\/2002, de 11 de julio, de Servicios de la Sociedad de la Informaci\u00f3n y del Comercio electr\u00f3nico, a continuaci\u00f3n se reflejan los siguientes datos: la empresa titular de www.logistics-tech.com&nbsp;es KALEIDO TECHNOLOGY SOLUTIONS S.L.con CIF n\u00famero B 27.831.320&nbsp;y domicilio [&hellip;]\" \/>\n<meta property=\"og:url\" content=\"https:\/\/logistics-tech.com\/es\/politica-de-privacidad\/\" \/>\n<meta property=\"og:site_name\" content=\"Logisticstechaccelerator\" \/>\n<meta property=\"article:modified_time\" content=\"2024-11-18T11:59:43+00:00\" \/>\n<meta name=\"twitter:card\" content=\"summary_large_image\" \/>\n<meta name=\"twitter:label1\" content=\"Tiempo de lectura\" \/>\n\t<meta name=\"twitter:data1\" content=\"5 minutos\" \/>\n<script type=\"application\/ld+json\" class=\"yoast-schema-graph\">{\"@context\":\"https:\/\/schema.org\",\"@graph\":[{\"@type\":\"WebSite\",\"@id\":\"https:\/\/logistics-tech.com\/en\/#website\",\"url\":\"https:\/\/logistics-tech.com\/en\/\",\"name\":\"Logisticstechaccelerator\",\"description\":\"\",\"potentialAction\":[{\"@type\":\"SearchAction\",\"target\":{\"@type\":\"EntryPoint\",\"urlTemplate\":\"https:\/\/logistics-tech.com\/en\/?s={search_term_string}\"},\"query-input\":\"required name=search_term_string\"}],\"inLanguage\":\"es\"},{\"@type\":\"WebPage\",\"@id\":\"https:\/\/logistics-tech.com\/es\/politica-de-privacidad\/#webpage\",\"url\":\"https:\/\/logistics-tech.com\/es\/politica-de-privacidad\/\",\"name\":\"Pol\\u00edtica de privacidad - Logisticstechaccelerator\",\"isPartOf\":{\"@id\":\"https:\/\/logistics-tech.com\/en\/#website\"},\"datePublished\":\"2018-01-03T08:08:13+00:00\",\"dateModified\":\"2024-11-18T11:59:43+00:00\",\"breadcrumb\":{\"@id\":\"https:\/\/logistics-tech.com\/es\/politica-de-privacidad\/#breadcrumb\"},\"inLanguage\":\"es\",\"potentialAction\":[{\"@type\":\"ReadAction\",\"target\":[\"https:\/\/logistics-tech.com\/es\/politica-de-privacidad\/\"]}]},{\"@type\":\"BreadcrumbList\",\"@id\":\"https:\/\/logistics-tech.com\/es\/politica-de-privacidad\/#breadcrumb\",\"itemListElement\":[{\"@type\":\"ListItem\",\"position\":1,\"name\":\"Portada\",\"item\":\"https:\/\/logistics-tech.com\/es\/\"},{\"@type\":\"ListItem\",\"position\":2,\"name\":\"Pol\\u00edtica de privacidad\"}]}]}<\/script>\n<!-- \/ Yoast SEO plugin. -->","yoast_head_json":{"title":"Pol\u00edtica de privacidad - Logisticstechaccelerator","robots":{"index":"index","follow":"follow","max-snippet":"max-snippet:-1","max-image-preview":"max-image-preview:large","max-video-preview":"max-video-preview:-1"},"canonical":"https:\/\/logistics-tech.com\/es\/politica-de-privacidad\/","og_locale":"es_ES","og_type":"article","og_title":"Pol\u00edtica de privacidad - Logisticstechaccelerator","og_description":"1. DATOS IDENTIFICATIVOS: En cumplimiento del deber de informaci\u00f3n recogido en el art\u00edculo 10 de la Ley 34\/2002, de 11 de julio, de Servicios de la Sociedad de la Informaci\u00f3n y del Comercio electr\u00f3nico, a continuaci\u00f3n se reflejan los siguientes datos: la empresa titular de www.logistics-tech.com&nbsp;es KALEIDO TECHNOLOGY SOLUTIONS S.L.con CIF n\u00famero B 27.831.320&nbsp;y domicilio [&hellip;]","og_url":"https:\/\/logistics-tech.com\/es\/politica-de-privacidad\/","og_site_name":"Logisticstechaccelerator","article_modified_time":"2024-11-18T11:59:43+00:00","twitter_card":"summary_large_image","twitter_misc":{"Tiempo de lectura":"5 minutos"},"schema":{"@context":"https:\/\/schema.org","@graph":[{"@type":"WebSite","@id":"https:\/\/logistics-tech.com\/en\/#website","url":"https:\/\/logistics-tech.com\/en\/","name":"Logisticstechaccelerator","description":"","potentialAction":[{"@type":"SearchAction","target":{"@type":"EntryPoint","urlTemplate":"https:\/\/logistics-tech.com\/en\/?s={search_term_string}"},"query-input":"required name=search_term_string"}],"inLanguage":"es"},{"@type":"WebPage","@id":"https:\/\/logistics-tech.com\/es\/politica-de-privacidad\/#webpage","url":"https:\/\/logistics-tech.com\/es\/politica-de-privacidad\/","name":"Pol\u00edtica de privacidad - Logisticstechaccelerator","isPartOf":{"@id":"https:\/\/logistics-tech.com\/en\/#website"},"datePublished":"2018-01-03T08:08:13+00:00","dateModified":"2024-11-18T11:59:43+00:00","breadcrumb":{"@id":"https:\/\/logistics-tech.com\/es\/politica-de-privacidad\/#breadcrumb"},"inLanguage":"es","potentialAction":[{"@type":"ReadAction","target":["https:\/\/logistics-tech.com\/es\/politica-de-privacidad\/"]}]},{"@type":"BreadcrumbList","@id":"https:\/\/logistics-tech.com\/es\/politica-de-privacidad\/#breadcrumb","itemListElement":[{"@type":"ListItem","position":1,"name":"Portada","item":"https:\/\/logistics-tech.com\/es\/"},{"@type":"ListItem","position":2,"name":"Pol\u00edtica de privacidad"}]}]}},"_links":{"self":[{"href":"https:\/\/logistics-tech.com\/es\/wp-json\/wp\/v2\/pages\/6749"}],"collection":[{"href":"https:\/\/logistics-tech.com\/es\/wp-json\/wp\/v2\/pages"}],"about":[{"href":"https:\/\/logistics-tech.com\/es\/wp-json\/wp\/v2\/types\/page"}],"author":[{"embeddable":true,"href":"https:\/\/logistics-tech.com\/es\/wp-json\/wp\/v2\/users\/3"}],"replies":[{"embeddable":true,"href":"https:\/\/logistics-tech.com\/es\/wp-json\/wp\/v2\/comments?post=6749"}],"version-history":[{"count":8,"href":"https:\/\/logistics-tech.com\/es\/wp-json\/wp\/v2\/pages\/6749\/revisions"}],"predecessor-version":[{"id":7072,"href":"https:\/\/logistics-tech.com\/es\/wp-json\/wp\/v2\/pages\/6749\/revisions\/7072"}],"wp:attachment":[{"href":"https:\/\/logistics-tech.com\/es\/wp-json\/wp\/v2\/media?parent=6749"}],"curies":[{"name":"wp","href":"https:\/\/api.w.org\/{rel}","templated":true}]}}