{"id":6641,"date":"2018-01-02T09:41:22","date_gmt":"2018-01-02T09:41:22","guid":{"rendered":"http:\/\/logistics-tech.com\/inicio\/"},"modified":"2019-05-03T07:02:42","modified_gmt":"2019-05-03T07:02:42","slug":"home","status":"publish","type":"page","link":"https:\/\/logistics-tech.com\/es\/","title":{"rendered":"Home"},"content":{"rendered":"<p>Magnet Foam<\/p>\n","protected":false},"excerpt":{"rendered":"<p>Magnet Foam<\/p>\n","protected":false},"author":3,"featured_media":0,"parent":0,"menu_order":0,"comment_status":"closed","ping_status":"closed","template":"templates\/template-home.php","meta":[],"yoast_head":"<!-- This site is optimized with the Yoast SEO plugin v17.8 - https:\/\/yoast.com\/wordpress\/plugins\/seo\/ -->\n<title>Logistics Tech Accelerator \u2013 Kaleido Logistics<\/title>\n<meta name=\"description\" content=\"Un programa de aceleraci\u00f3n \u00fanico que conecta la experiencia y oportunidad de negocio de un proveedor l\u00edder en servicios log\u00edsticos y su ecosistema con la tecnolog\u00eda m\u00e1s innovadora de startups log\u00edsiticas de todo el mundo\" \/>\n<meta name=\"robots\" content=\"index, follow, max-snippet:-1, max-image-preview:large, max-video-preview:-1\" \/>\n<link rel=\"canonical\" href=\"https:\/\/logistics-tech.com\/es\/\" \/>\n<meta property=\"og:locale\" content=\"es_ES\" \/>\n<meta property=\"og:type\" content=\"article\" \/>\n<meta property=\"og:title\" content=\"Logistics Tech Accelerator \u2013 Kaleido Logistics\" \/>\n<meta property=\"og:description\" content=\"Un programa de aceleraci\u00f3n \u00fanico que conecta la experiencia y oportunidad de negocio de un proveedor l\u00edder en servicios log\u00edsticos y su ecosistema con la tecnolog\u00eda m\u00e1s innovadora de startups log\u00edsiticas de todo el mundo\" \/>\n<meta property=\"og:url\" content=\"https:\/\/logistics-tech.com\/es\/\" \/>\n<meta property=\"og:site_name\" content=\"Logisticstechaccelerator\" \/>\n<meta property=\"article:modified_time\" content=\"2019-05-03T07:02:42+00:00\" \/>\n<meta name=\"twitter:card\" content=\"summary_large_image\" \/>\n<script type=\"application\/ld+json\" class=\"yoast-schema-graph\">{\"@context\":\"https:\/\/schema.org\",\"@graph\":[{\"@type\":\"WebSite\",\"@id\":\"https:\/\/logistics-tech.com\/en\/#website\",\"url\":\"https:\/\/logistics-tech.com\/en\/\",\"name\":\"Logisticstechaccelerator\",\"description\":\"\",\"potentialAction\":[{\"@type\":\"SearchAction\",\"target\":{\"@type\":\"EntryPoint\",\"urlTemplate\":\"https:\/\/logistics-tech.com\/en\/?s={search_term_string}\"},\"query-input\":\"required name=search_term_string\"}],\"inLanguage\":\"es\"},{\"@type\":\"WebPage\",\"@id\":\"https:\/\/logistics-tech.com\/es\/#webpage\",\"url\":\"https:\/\/logistics-tech.com\/es\/\",\"name\":\"Logistics Tech Accelerator \\u2013 Kaleido Logistics\",\"isPartOf\":{\"@id\":\"https:\/\/logistics-tech.com\/en\/#website\"},\"datePublished\":\"2018-01-02T09:41:22+00:00\",\"dateModified\":\"2019-05-03T07:02:42+00:00\",\"description\":\"Un programa de aceleraci\\u00f3n \\u00fanico que conecta la experiencia y oportunidad de negocio de un proveedor l\\u00edder en servicios log\\u00edsticos y su ecosistema con la tecnolog\\u00eda m\\u00e1s innovadora de startups log\\u00edsiticas de todo el mundo\",\"breadcrumb\":{\"@id\":\"https:\/\/logistics-tech.com\/es\/#breadcrumb\"},\"inLanguage\":\"es\",\"potentialAction\":[{\"@type\":\"ReadAction\",\"target\":[\"https:\/\/logistics-tech.com\/es\/\"]}]},{\"@type\":\"BreadcrumbList\",\"@id\":\"https:\/\/logistics-tech.com\/es\/#breadcrumb\",\"itemListElement\":[{\"@type\":\"ListItem\",\"position\":1,\"name\":\"Portada\",\"item\":\"https:\/\/logistics-tech.com\/es\/\"},{\"@type\":\"ListItem\",\"position\":2,\"name\":\"Home\"}]}]}<\/script>\n<!-- \/ Yoast SEO plugin. -->","yoast_head_json":{"title":"Logistics Tech Accelerator \u2013 Kaleido Logistics","description":"Un programa de aceleraci\u00f3n \u00fanico que conecta la experiencia y oportunidad de negocio de un proveedor l\u00edder en servicios log\u00edsticos y su ecosistema con la tecnolog\u00eda m\u00e1s innovadora de startups log\u00edsiticas de todo el mundo","robots":{"index":"index","follow":"follow","max-snippet":"max-snippet:-1","max-image-preview":"max-image-preview:large","max-video-preview":"max-video-preview:-1"},"canonical":"https:\/\/logistics-tech.com\/es\/","og_locale":"es_ES","og_type":"article","og_title":"Logistics Tech Accelerator \u2013 Kaleido Logistics","og_description":"Un programa de aceleraci\u00f3n \u00fanico que conecta la experiencia y oportunidad de negocio de un proveedor l\u00edder en servicios log\u00edsticos y su ecosistema con la tecnolog\u00eda m\u00e1s innovadora de startups log\u00edsiticas de todo el mundo","og_url":"https:\/\/logistics-tech.com\/es\/","og_site_name":"Logisticstechaccelerator","article_modified_time":"2019-05-03T07:02:42+00:00","twitter_card":"summary_large_image","schema":{"@context":"https:\/\/schema.org","@graph":[{"@type":"WebSite","@id":"https:\/\/logistics-tech.com\/en\/#website","url":"https:\/\/logistics-tech.com\/en\/","name":"Logisticstechaccelerator","description":"","potentialAction":[{"@type":"SearchAction","target":{"@type":"EntryPoint","urlTemplate":"https:\/\/logistics-tech.com\/en\/?s={search_term_string}"},"query-input":"required name=search_term_string"}],"inLanguage":"es"},{"@type":"WebPage","@id":"https:\/\/logistics-tech.com\/es\/#webpage","url":"https:\/\/logistics-tech.com\/es\/","name":"Logistics Tech Accelerator \u2013 Kaleido Logistics","isPartOf":{"@id":"https:\/\/logistics-tech.com\/en\/#website"},"datePublished":"2018-01-02T09:41:22+00:00","dateModified":"2019-05-03T07:02:42+00:00","description":"Un programa de aceleraci\u00f3n \u00fanico que conecta la experiencia y oportunidad de negocio de un proveedor l\u00edder en servicios log\u00edsticos y su ecosistema con la tecnolog\u00eda m\u00e1s innovadora de startups log\u00edsiticas de todo el mundo","breadcrumb":{"@id":"https:\/\/logistics-tech.com\/es\/#breadcrumb"},"inLanguage":"es","potentialAction":[{"@type":"ReadAction","target":["https:\/\/logistics-tech.com\/es\/"]}]},{"@type":"BreadcrumbList","@id":"https:\/\/logistics-tech.com\/es\/#breadcrumb","itemListElement":[{"@type":"ListItem","position":1,"name":"Portada","item":"https:\/\/logistics-tech.com\/es\/"},{"@type":"ListItem","position":2,"name":"Home"}]}]}},"_links":{"self":[{"href":"https:\/\/logistics-tech.com\/es\/wp-json\/wp\/v2\/pages\/6641"}],"collection":[{"href":"https:\/\/logistics-tech.com\/es\/wp-json\/wp\/v2\/pages"}],"about":[{"href":"https:\/\/logistics-tech.com\/es\/wp-json\/wp\/v2\/types\/page"}],"author":[{"embeddable":true,"href":"https:\/\/logistics-tech.com\/es\/wp-json\/wp\/v2\/users\/3"}],"replies":[{"embeddable":true,"href":"https:\/\/logistics-tech.com\/es\/wp-json\/wp\/v2\/comments?post=6641"}],"version-history":[{"count":33,"href":"https:\/\/logistics-tech.com\/es\/wp-json\/wp\/v2\/pages\/6641\/revisions"}],"predecessor-version":[{"id":7036,"href":"https:\/\/logistics-tech.com\/es\/wp-json\/wp\/v2\/pages\/6641\/revisions\/7036"}],"wp:attachment":[{"href":"https:\/\/logistics-tech.com\/es\/wp-json\/wp\/v2\/media?parent=6641"}],"curies":[{"name":"wp","href":"https:\/\/api.w.org\/{rel}","templated":true}]}}